{"id":3035,"date":"2021-06-01T19:34:56","date_gmt":"2021-06-01T19:34:56","guid":{"rendered":"https:\/\/wifa.uk\/departements\/health-medical\/"},"modified":"2025-07-24T21:38:20","modified_gmt":"2025-07-24T21:38:20","slug":"sante-et-medecine","status":"publish","type":"page","link":"https:\/\/wifa.uk\/fr\/departements\/sante-et-medecine\/","title":{"rendered":"Sant\u00e9 et m\u00e9decine"},"content":{"rendered":"\t\t<div data-elementor-type=\"wp-page\" data-elementor-id=\"3035\" class=\"elementor elementor-3035 elementor-835\" data-elementor-post-type=\"page\">\n\t\t\t\t\t\t<section class=\"elementor-section elementor-top-section elementor-element elementor-element-0cc7ee8 elementor-section-full_width elementor-section-height-default elementor-section-height-default\" data-id=\"0cc7ee8\" data-element_type=\"section\">\n\t\t\t\t\t\t<div class=\"elementor-container elementor-column-gap-default\">\n\t\t\t\t\t<div class=\"elementor-column elementor-col-100 elementor-top-column elementor-element elementor-element-46244cf\" data-id=\"46244cf\" data-element_type=\"column\">\n\t\t\t<div class=\"elementor-widget-wrap elementor-element-populated\">\n\t\t\t\t\t\t<div class=\"elementor-element elementor-element-836e649 elementor-widget elementor-widget-whitehall_department_details\" data-id=\"836e649\" data-element_type=\"widget\" data-widget_type=\"whitehall_department_details.default\">\n\t\t\t\t<div class=\"elementor-widget-container\">\n\t\t\t\t\t        \n        <!-- department-details -->\n        <section class=\"department-details bg-color-1 sec-pad-2\">\n            <div class=\"auto-container\">\n                <div class=\"row clearfix\">\n                    <div class=\"col-lg-8 col-md-12 col-sm-12 content-side\">\n                        <div class=\"department-details-content\">\n\t\t\t\t\t\t\t                            <div class=\"upper-image\">\n                                <figure class=\"image\"><img decoding=\"async\" src=\"https:\/\/wifa.uk\/wp-content\/uploads\/2025\/07\/department-3.jpg\" alt=\"Awesome Image\"><\/figure>\n                            <\/div>\n\t\t\t\t\t\t\t\t\t\t\t\t\t\t\n                            <div class=\"text\">\n                                <h3>Sant\u00e9 et m\u00e9decine<\/h3>\n                                <p>D'un point de vue m\u00e9dical, la mission de la WIFA est d'am\u00e9liorer la sant\u00e9 des joueurs \u00e0 l'\u00e9chelle mondiale en \u00e9tablissant des normes en mati\u00e8re de soins cliniques et de gouvernance, et de b\u00e2tir un football mondial. Les aspects m\u00e9dicaux cl\u00e9s pour les footballeurs comprennent les examens m\u00e9dicaux pr\u00e9alables \u00e0 la participation, les strat\u00e9gies de pr\u00e9vention des blessures, le d\u00e9pistage cardiovasculaire, la gestion des commotions c\u00e9r\u00e9brales et le suivi des blessures li\u00e9es au surmenage. La sant\u00e9 mentale, une alimentation et une hydratation ad\u00e9quates ainsi que la vaccination sont \u00e9galement essentiels au bien-\u00eatre et \u00e0 la performance globale des joueurs.<\/p>\n                            <\/div>\n\t\t\t\t\t\t\t\n\t\t\t\t\t\t\t                            <div class=\"discription-box centred\">\n                                <div class=\"two-column-carousel owl-carousel owl-theme owl-nav-none\">\n                                    \t\t\t\t\t\t\t\t\t<div class=\"single-item\">\n                                        <div class=\"inner-box\">\n                                            <figure class=\"image-box\"><img decoding=\"async\" src=\"https:\/\/wifa.uk\/wp-content\/uploads\/2025\/07\/di59876-1.jpg\" alt=\"Awesome Image\"><\/figure>\n                                            <h5>WIFA Strat\u00e9gie 2040<\/h5>\n                                        <\/div>\n                                        <div class=\"overlay-content\">\n                                            <figure class=\"image-box\"><img decoding=\"async\" src=\"https:\/\/wifa.uk\/wp-content\/uploads\/2025\/07\/di59876-1.jpg\" alt=\"Awesome Image\"><\/figure>\n                                            <p>La WIFA ouvre une nouvelle \u00e8re pour le football f\u00e9minin dans le monde entier.\n<\/p>\n                                        <\/div>\n                                    <\/div>\n                                    \t\t\t\t\t\t\t\t\t<div class=\"single-item\">\n                                        <div class=\"inner-box\">\n                                            <figure class=\"image-box\"><img decoding=\"async\" src=\"https:\/\/wifa.uk\/wp-content\/uploads\/2025\/07\/di66-1.jpg\" alt=\"Awesome Image\"><\/figure>\n                                            <h5>WIFA Strat\u00e9gie 2040<\/h5>\n                                        <\/div>\n                                        <div class=\"overlay-content\">\n                                            <figure class=\"image-box\"><img decoding=\"async\" src=\"https:\/\/wifa.uk\/wp-content\/uploads\/2025\/07\/di66-1.jpg\" alt=\"Awesome Image\"><\/figure>\n                                            <p>La WIFA ouvre une nouvelle \u00e8re pour le football f\u00e9minin dans le monde entier.\n<\/p>\n                                        <\/div>\n                                    <\/div>\n                                    \t\t\t\t\t\t\t\t\t<div class=\"single-item\">\n                                        <div class=\"inner-box\">\n                                            <figure class=\"image-box\"><img decoding=\"async\" src=\"https:\/\/wifa.uk\/wp-content\/uploads\/2025\/07\/di66-2.jpg\" alt=\"Awesome Image\"><\/figure>\n                                            <h5>WIFA Strat\u00e9gie 2040<\/h5>\n                                        <\/div>\n                                        <div class=\"overlay-content\">\n                                            <figure class=\"image-box\"><img decoding=\"async\" src=\"https:\/\/wifa.uk\/wp-content\/uploads\/2025\/07\/di66-2.jpg\" alt=\"Awesome Image\"><\/figure>\n                                            <p>La WIFA ouvre une nouvelle \u00e8re pour le football f\u00e9minin dans le monde entier.\n<\/p>\n                                        <\/div>\n                                    <\/div>\n                                                                    <\/div>\n                            <\/div>\n\t\t\t\t\t\t\t\t\t\t\t\t\t\t\n\t\t\t\t\t\t\t                            <div class=\"highlights-box\">\n                                <div class=\"single-item-carousel owl-carousel owl-theme owl-dots-none\">\n                                                                        <div class=\"row clearfix\">\n                                        <div class=\"col-lg-6 col-md-6 col-sm-12 image-column\">\n                                            <div class=\"image-box\">\n                                                <figure class=\"image\"><img decoding=\"async\" src=\"https:\/\/wifa.uk\/wp-content\/uploads\/2025\/07\/history-4-1.jpg\" alt=\"Awesome Image\"><\/figure>\n                                                <div class=\"icon-box\"><i class=\"icon flaticon-world\"><\/i><\/div>\n                                            <\/div>\n                                        <\/div>\n                                        <div class=\"col-lg-6 col-md-6 col-sm-12 text-column\">\n                                            <div class=\"text\">\n                                                <h3>Coupe WIFA<\/h3>\n                                                <p>Le monde se rassemble sous l\u2019\u00e9gide de la WIFA pour rendre le football f\u00e9minin plus passionnant.\n<\/p>\n\t\t\t\t\t\t\t\t\t\t\t\t\n\t\t\t\t\t\t\t\t\t\t\t\t                                                <ul class=\"list clearfix\">\n\t\t\t\t\t\t\t\t\t\t\t\t\t                                                    <li><i class=\"flaticon-bird\"><\/i>Syst\u00e8me administratif<\/li>\n\t\t\t\t\t\t\t\t\t\t\t\t\t                                                    <li><i class=\"flaticon-bird\"><\/i>Interagissez avec les avis<\/li>\n\t\t\t\t\t\t\t\t\t\t\t\t\t                                                    <li><i class=\"flaticon-bird\"><\/i>D\u00e9veloppement du travail<\/li>\n\t\t\t\t\t\t\t\t\t\t\t\t\t                                                    <li><i class=\"flaticon-bird\"><\/i>Transparence<\/li>\n\t\t\t\t\t\t\t\t\t\t\t\t\t                                                    <li><i class=\"flaticon-bird\"><\/i>L'avenir du sport<\/li>\n\t\t\t\t\t\t\t\t\t\t\t\t\t                                                <\/ul>\n\t\t\t\t\t\t\t\t\t\t\t\t\t\t\t\t\t\t\t\t\t\t\t\t\n\t\t\t\t\t\t\t\t\t\t\t\t                                                <a href=\"#\">Strat\u00e9gie<i class=\"flaticon-right-arrow\"><\/i><\/a>\n\t\t\t\t\t\t\t\t\t\t\t\t                                            <\/div>\n                                        <\/div>\n                                    <\/div>\n                                                                        <div class=\"row clearfix\">\n                                        <div class=\"col-lg-6 col-md-6 col-sm-12 image-column\">\n                                            <div class=\"image-box\">\n                                                <figure class=\"image\"><img decoding=\"async\" src=\"https:\/\/wifa.uk\/wp-content\/uploads\/2025\/07\/history-2.jpg\" alt=\"Awesome Image\"><\/figure>\n                                                <div class=\"icon-box\"><i class=\"icon flaticon-world\"><\/i><\/div>\n                                            <\/div>\n                                        <\/div>\n                                        <div class=\"col-lg-6 col-md-6 col-sm-12 text-column\">\n                                            <div class=\"text\">\n                                                <h3>Coupe WIFA<\/h3>\n                                                <p>Le monde se rassemble sous l\u2019\u00e9gide de la WIFA pour rendre le football f\u00e9minin plus passionnant.\n<\/p>\n\t\t\t\t\t\t\t\t\t\t\t\t\n\t\t\t\t\t\t\t\t\t\t\t\t                                                <ul class=\"list clearfix\">\n\t\t\t\t\t\t\t\t\t\t\t\t\t                                                    <li><i class=\"flaticon-bird\"><\/i>Syst\u00e8me administratif<\/li>\n\t\t\t\t\t\t\t\t\t\t\t\t\t                                                    <li><i class=\"flaticon-bird\"><\/i>Interagissez avec les avis<\/li>\n\t\t\t\t\t\t\t\t\t\t\t\t\t                                                    <li><i class=\"flaticon-bird\"><\/i>D\u00e9veloppement du travail<\/li>\n\t\t\t\t\t\t\t\t\t\t\t\t\t                                                    <li><i class=\"flaticon-bird\"><\/i>Transparence<\/li>\n\t\t\t\t\t\t\t\t\t\t\t\t\t                                                    <li><i class=\"flaticon-bird\"><\/i>L'avenir du sport<\/li>\n\t\t\t\t\t\t\t\t\t\t\t\t\t                                                <\/ul>\n\t\t\t\t\t\t\t\t\t\t\t\t\t\t\t\t\t\t\t\t\t\t\t\t\n\t\t\t\t\t\t\t\t\t\t\t\t                                                <a href=\"#\">Strat\u00e9gie<i class=\"flaticon-right-arrow\"><\/i><\/a>\n\t\t\t\t\t\t\t\t\t\t\t\t                                            <\/div>\n                                        <\/div>\n                                    <\/div>\n                                                                        <div class=\"row clearfix\">\n                                        <div class=\"col-lg-6 col-md-6 col-sm-12 image-column\">\n                                            <div class=\"image-box\">\n                                                <figure class=\"image\"><img decoding=\"async\" src=\"https:\/\/wifa.uk\/wp-content\/uploads\/2025\/07\/history-4.jpg\" alt=\"Awesome Image\"><\/figure>\n                                                <div class=\"icon-box\"><i class=\"icon flaticon-world\"><\/i><\/div>\n                                            <\/div>\n                                        <\/div>\n                                        <div class=\"col-lg-6 col-md-6 col-sm-12 text-column\">\n                                            <div class=\"text\">\n                                                <h3>Coupe WIFA<\/h3>\n                                                <p>Le monde se rassemble sous l\u2019\u00e9gide de la WIFA pour rendre le football f\u00e9minin plus passionnant.\n<\/p>\n\t\t\t\t\t\t\t\t\t\t\t\t\n\t\t\t\t\t\t\t\t\t\t\t\t                                                <ul class=\"list clearfix\">\n\t\t\t\t\t\t\t\t\t\t\t\t\t                                                    <li><i class=\"flaticon-bird\"><\/i>Syst\u00e8me administratif<\/li>\n\t\t\t\t\t\t\t\t\t\t\t\t\t                                                    <li><i class=\"flaticon-bird\"><\/i>Interagissez avec les avis<\/li>\n\t\t\t\t\t\t\t\t\t\t\t\t\t                                                    <li><i class=\"flaticon-bird\"><\/i>D\u00e9veloppement du travail<\/li>\n\t\t\t\t\t\t\t\t\t\t\t\t\t                                                    <li><i class=\"flaticon-bird\"><\/i>Transparence<\/li>\n\t\t\t\t\t\t\t\t\t\t\t\t\t                                                    <li><i class=\"flaticon-bird\"><\/i>L'avenir du sport<\/li>\n\t\t\t\t\t\t\t\t\t\t\t\t\t                                                <\/ul>\n\t\t\t\t\t\t\t\t\t\t\t\t\t\t\t\t\t\t\t\t\t\t\t\t\n\t\t\t\t\t\t\t\t\t\t\t\t                                                <a href=\"#\">Strat\u00e9gie<i class=\"flaticon-right-arrow\"><\/i><\/a>\n\t\t\t\t\t\t\t\t\t\t\t\t                                            <\/div>\n                                        <\/div>\n                                    <\/div>\n                                                                    <\/div>\n                            <\/div>\n\t\t\t\t\t\t\t\t\t\t\t\t\t\t\n\t\t\t\t\t\t\t                            <div class=\"download-box\">\n                                <h3>T\u00e9l\u00e9charger<\/h3>\n                                <ul class=\"download-list clearfix\">\n                                    \t\t\t\t\t\t\t\t\t<li>\n                                        <div class=\"icon-box\"><img decoding=\"async\" src=\"https:\/\/wifa.uk\/wp-content\/uploads\/2021\/05\/icon-1.png\" alt=\"Icon\"><\/div>\n                                        <h5>Centres sportifs et programme des \u00e9v\u00e9nements<\/h5>\n                                        <span>pdf (14 mb)<\/span>\n\t\t\t\t\t\t\t\t\t\t\n\t\t\t\t\t\t\t\t\t\t                                        <a href=\"#\">Download<\/a>\n\t\t\t\t\t\t\t\t\t\t                                    <\/li>\n                                    \t\t\t\t\t\t\t\t\t<li>\n                                        <div class=\"icon-box\"><img decoding=\"async\" src=\"https:\/\/wifa.uk\/wp-content\/uploads\/2021\/05\/icon-1.png\" alt=\"Icon\"><\/div>\n                                        <h5>Centres sportifs et programme des \u00e9v\u00e9nements<\/h5>\n                                        <span>pdf (14 mb)<\/span>\n\t\t\t\t\t\t\t\t\t\t\n\t\t\t\t\t\t\t\t\t\t                                        <a href=\"#\">Download<\/a>\n\t\t\t\t\t\t\t\t\t\t                                    <\/li>\n                                                                    <\/ul>\n                            <\/div>\n\t\t\t\t\t\t\t                        <\/div>\n                    <\/div>\n\t\t\t\t\t\n                    <div class=\"col-lg-4 col-md-12 col-sm-12 sidebar-side\">\n                        <div class=\"department-sidebar\">\n                            <div id=\"whitehall_join_us-1\" class=\"department-widget widget widget_whitehall_join_us\">\t\t\r\n\t\t<div class=\"sidebar-banner centred\" style=\"background-image: url(https:\/\/wifa.uk\/wp-content\/uploads\/2021\/06\/vector-4.png);\">\r\n\t\t\t<div class=\"inner-box\">\r\n\t\t\t\t<div class=\"icon-box\"><i class=\"flaticon-global-warming\"><\/i><\/div>\r\n\t\t\t\t<h3>For Tomorow, <br \/>We Can Take Action Today!<\/h3>\r\n\t\t\t\t\r\n\t\t\t\t\t\t\t\t<a href=\"#\">Join With Us<\/a>\r\n\t\t\t\t\t\t\t<\/div>\r\n\t\t<\/div>\r\n\r\n        <\/div><div id=\"nav_menu-3\" class=\"department-widget widget widget_nav_menu\"><div class=\"widget-title\"><h3>Departments<\/h3><div class=\"title-shape\"><\/div><\/div><div class=\"menu-services-sidebar-container\"><ul id=\"menu-services-sidebar\" class=\"menu\"><li id=\"menu-item-1074\" class=\"menu-item menu-item-type-post_type menu-item-object-page menu-item-1074\"><a href=\"https:\/\/wifa.uk\/departments\/honorary-president\/\">Pr\u00e9sident d&#8217;honneur<\/a><\/li>\n<li id=\"menu-item-1078\" class=\"menu-item menu-item-type-post_type menu-item-object-page menu-item-1078\"><a href=\"https:\/\/wifa.uk\/departments\/congress\/\">Congr\u00e8s<\/a><\/li>\n<li id=\"menu-item-1076\" class=\"menu-item menu-item-type-post_type menu-item-object-page menu-item-1076\"><a href=\"https:\/\/wifa.uk\/departments\/constitution\/\">ConstitutIon<\/a><\/li>\n<li id=\"menu-item-1077\" class=\"menu-item menu-item-type-post_type menu-item-object-page menu-item-1077\"><a href=\"https:\/\/wifa.uk\/departments\/health-medical\/\">Sant\u00e9 et m\u00e9decine<\/a><\/li>\n<li id=\"menu-item-1079\" class=\"menu-item menu-item-type-post_type menu-item-object-page menu-item-1079\"><a href=\"https:\/\/wifa.uk\/departments\/awards\/\">R\u00e9compenses<\/a><\/li>\n<\/ul><\/div><\/div><div id=\"whitehall_get_in_touch-1\" class=\"department-widget widget widget_whitehall_get_in_touch\">        \r\n\t\t<div class=\"sidebar-contact\">\r\n\t\t\t<div class=\"widget-title\">\r\n\t\t\t\t<h3>Get In Touch<\/h3>\r\n\t\t\t\t<p>Connecting with us as easy as possible.<\/p>\r\n\t\t\t\t<div class=\"title-shape\"><\/div>\r\n\t\t\t<\/div>\r\n\t\t\t\r\n\t\t\t<ul class=\"info-list clearfix\">\r\n\t\t\t\t\t\t\t\t<li>\r\n\t\t\t\t\t<div class=\"icon-box\"><i class=\"flaticon-government\"><\/i><\/div>\r\n\t\t\t\t\t<h5> The President Office<\/h5>\r\n\t\t\t\t\t<p><a href=\"tel:0088812345\">+00 (888) 12 345<\/a><\/p>\r\n\t\t\t\t<\/li>\r\n\t\t\t\t\t\t\t\t\r\n\t\t\t\t\t\t\t\t<li>\r\n\t\t\t\t\t<div class=\"icon-box\"><i class=\"flaticon-alert\"><\/i><\/div>\r\n\t\t\t\t\t<h5>Emergency<\/h5>\r\n\t\t\t\t\t<p><a href=\"tel:888\">888<\/a>(Management ...)<\/p>\r\n\t\t\t\t<\/li>\r\n\t\t\t\t\t\t\t\t\r\n\t\t\t\t\t\t\t\t<li>\r\n\t\t\t\t\t<div class=\"icon-box\"><i class=\"flaticon-map\"><\/i><\/div>\r\n\t\t\t\t\t<h5>Non Emergency<\/h5>\r\n\t\t\t\t\t<p><a href=\"tel:311\">311<\/a>(General inquiries ...)<\/p>\r\n\t\t\t\t<\/li>\r\n\t\t\t\t\t\t\t<\/ul>\r\n\t\t<\/div>\r\n\r\n        <\/div>                        <\/div>\n                    <\/div>\n                <\/div>\n            <\/div>\n        <\/section>\n        <!-- department-details end -->\n\n        \t\t\t\t<\/div>\n\t\t\t\t<\/div>\n\t\t\t\t\t<\/div>\n\t\t<\/div>\n\t\t\t\t\t<\/div>\n\t\t<\/section>\n\t\t\t\t<\/div>\n\t\t","protected":false},"excerpt":{"rendered":"<p>Sant\u00e9 et m\u00e9decine D&#8217;un point de vue m\u00e9dical, la mission de la WIFA est d&#8217;am\u00e9liorer la sant\u00e9 des joueurs \u00e0 l&#8217;\u00e9chelle mondiale en \u00e9tablissant des normes en mati\u00e8re de soins [&hellip;]<\/p>\n","protected":false},"author":1,"featured_media":0,"parent":3029,"menu_order":0,"comment_status":"closed","ping_status":"closed","template":"tpl-default-elementor.php","meta":{"footnotes":""},"class_list":["post-3035","page","type-page","status-publish","hentry"],"_links":{"self":[{"href":"https:\/\/wifa.uk\/fr\/wp-json\/wp\/v2\/pages\/3035","targetHints":{"allow":["GET"]}}],"collection":[{"href":"https:\/\/wifa.uk\/fr\/wp-json\/wp\/v2\/pages"}],"about":[{"href":"https:\/\/wifa.uk\/fr\/wp-json\/wp\/v2\/types\/page"}],"author":[{"embeddable":true,"href":"https:\/\/wifa.uk\/fr\/wp-json\/wp\/v2\/users\/1"}],"replies":[{"embeddable":true,"href":"https:\/\/wifa.uk\/fr\/wp-json\/wp\/v2\/comments?post=3035"}],"version-history":[{"count":11,"href":"https:\/\/wifa.uk\/fr\/wp-json\/wp\/v2\/pages\/3035\/revisions"}],"predecessor-version":[{"id":4826,"href":"https:\/\/wifa.uk\/fr\/wp-json\/wp\/v2\/pages\/3035\/revisions\/4826"}],"up":[{"embeddable":true,"href":"https:\/\/wifa.uk\/fr\/wp-json\/wp\/v2\/pages\/3029"}],"wp:attachment":[{"href":"https:\/\/wifa.uk\/fr\/wp-json\/wp\/v2\/media?parent=3035"}],"curies":[{"name":"wp","href":"https:\/\/api.w.org\/{rel}","templated":true}]}}