{"id":3045,"date":"2021-06-02T09:23:06","date_gmt":"2021-06-02T09:23:06","guid":{"rendered":"https:\/\/wifa.uk\/notre-blog\/"},"modified":"2025-07-28T13:50:17","modified_gmt":"2025-07-28T13:50:17","slug":"nos-archives","status":"publish","type":"page","link":"https:\/\/wifa.uk\/fr\/nos-archives\/","title":{"rendered":"Nos archives"},"content":{"rendered":"\t\t<div data-elementor-type=\"wp-page\" data-elementor-id=\"3045\" class=\"elementor elementor-3045 elementor-948\" data-elementor-post-type=\"page\">\n\t\t\t\t<div class=\"elementor-element elementor-element-49dc865 e-con-full e-flex e-con e-parent\" data-id=\"49dc865\" data-element_type=\"container\">\n\t\t\t\t<div class=\"elementor-element elementor-element-9a54300 elementor-widget elementor-widget-whitehall_blog_v2\" data-id=\"9a54300\" data-element_type=\"widget\" data-widget_type=\"whitehall_blog_v2.default\">\n\t\t\t\t<div class=\"elementor-widget-container\">\n\t\t\t\t\t        \n\t\t<!-- news-style-two -->\n        <section class=\"news-style-two sec-pad pb-140\">\n            <div class=\"pattern-layer\" style=\"background-image: url();\"><\/div>\n            <div class=\"auto-container\">\n                <div class=\"sec-title centred\">\n                    \t\t\t\t\t\n\t\t\t\t\t                <\/div>\n                <div class=\"row clearfix\">\n                                        <div class=\"col-lg-4 col-md-6 col-sm-12 news-block\">\n                        <div class=\"news-block-two wow fadeInUp animated animated\" data-wow-delay=\"400ms\" data-wow-duration=\"1500ms\">\n                            <div class=\"inner-box\">\n                                <figure class=\"image-box\"><img fetchpriority=\"high\" decoding=\"async\" width=\"370\" height=\"455\" src=\"https:\/\/wifa.uk\/wp-content\/uploads\/2021\/05\/department-3-370x455.jpg\" class=\"attachment-whitehall_370x455 size-whitehall_370x455 wp-post-image\" alt=\"\" \/><\/figure>\n                                <div class=\"content-box\">\n                                    <div class=\"category\"><a href=\"javascript:;\"><i class=\"flaticon-star\"><\/i>Blog V2<\/a><\/div>\n                                    <div class=\"text\">\n                                        <div class=\"post-date\"><h3>28<span>May\u201921<\/span><\/h3><\/div>\n                                        <h4><a href=\"https:\/\/wifa.uk\/fr\/la-sante-des-athletes-feminines\/\">La sant\u00e9 des athl\u00e8tes f\u00e9minines<\/a><\/h4>\n                                        <ul class=\"post-info clearfix\">\n                                            <li><i class=\"far fa-user\"><\/i><a href=\"https:\/\/wifa.uk\/fr\/author\/admin\/\">admin<\/a><\/li>\n                                            <li><i class=\"far fa-comment\"><\/i><a href=\"https:\/\/wifa.uk\/fr\/la-sante-des-athletes-feminines\/#comments\">0 Comments<\/a><\/li>\n                                        <\/ul>\n                                    <\/div>\n                                <\/div>\n                            <\/div>\n                        <\/div>\n                    <\/div>\n                                        <div class=\"col-lg-4 col-md-6 col-sm-12 news-block\">\n                        <div class=\"news-block-two wow fadeInUp animated animated\" data-wow-delay=\"400ms\" data-wow-duration=\"1500ms\">\n                            <div class=\"inner-box\">\n                                <figure class=\"image-box\"><img decoding=\"async\" width=\"370\" height=\"455\" src=\"https:\/\/wifa.uk\/wp-content\/uploads\/2021\/05\/news-16-370x455.jpg\" class=\"attachment-whitehall_370x455 size-whitehall_370x455 wp-post-image\" alt=\"\" \/><\/figure>\n                                <div class=\"content-box\">\n                                    <div class=\"category\"><a href=\"javascript:;\"><i class=\"flaticon-star\"><\/i>Blog V2<\/a><\/div>\n                                    <div class=\"text\">\n                                        <div class=\"post-date\"><h3>28<span>May\u201921<\/span><\/h3><\/div>\n                                        <h4><a href=\"https:\/\/wifa.uk\/fr\/le-maroc-en-finale-de-la-wafcon-apres-une-victoire-aux-tirs-au-but\/\">Le Maroc en finale de la WAFCON apr\u00e8s une victoire aux tirs au but<\/a><\/h4>\n                                        <ul class=\"post-info clearfix\">\n                                            <li><i class=\"far fa-user\"><\/i><a href=\"https:\/\/wifa.uk\/fr\/author\/admin\/\">admin<\/a><\/li>\n                                            <li><i class=\"far fa-comment\"><\/i><a href=\"https:\/\/wifa.uk\/fr\/le-maroc-en-finale-de-la-wafcon-apres-une-victoire-aux-tirs-au-but\/#comments\">0 Comments<\/a><\/li>\n                                        <\/ul>\n                                    <\/div>\n                                <\/div>\n                            <\/div>\n                        <\/div>\n                    <\/div>\n                                        <div class=\"col-lg-4 col-md-6 col-sm-12 news-block\">\n                        <div class=\"news-block-two wow fadeInUp animated animated\" data-wow-delay=\"400ms\" data-wow-duration=\"1500ms\">\n                            <div class=\"inner-box\">\n                                <figure class=\"image-box\"><img decoding=\"async\" width=\"370\" height=\"455\" src=\"https:\/\/wifa.uk\/wp-content\/uploads\/2025\/07\/news-15-370x455.jpg\" class=\"attachment-whitehall_370x455 size-whitehall_370x455 wp-post-image\" alt=\"\" \/><\/figure>\n                                <div class=\"content-box\">\n                                    <div class=\"category\"><a href=\"javascript:;\"><i class=\"flaticon-star\"><\/i>Blog V2<\/a><\/div>\n                                    <div class=\"text\">\n                                        <div class=\"post-date\"><h3>28<span>May\u201921<\/span><\/h3><\/div>\n                                        <h4><a href=\"https:\/\/wifa.uk\/fr\/la-wifa-lance-un-programme-de-developpement-du-football-en-afrique\/\">La WIFA lance un programme de d\u00e9veloppement du football en Afrique<\/a><\/h4>\n                                        <ul class=\"post-info clearfix\">\n                                            <li><i class=\"far fa-user\"><\/i><a href=\"https:\/\/wifa.uk\/fr\/author\/admin\/\">admin<\/a><\/li>\n                                            <li><i class=\"far fa-comment\"><\/i><a href=\"https:\/\/wifa.uk\/fr\/la-wifa-lance-un-programme-de-developpement-du-football-en-afrique\/#comments\">0 Comments<\/a><\/li>\n                                        <\/ul>\n                                    <\/div>\n                                <\/div>\n                            <\/div>\n                        <\/div>\n                    <\/div>\n                                    <\/div>\n            <\/div>\n        <\/section>\n        <!-- news-style-two end -->\n\n        \t\t\t\t<\/div>\n\t\t\t\t<\/div>\n\t\t\t\t<\/div>\n\t\t\t\t<\/div>\n\t\t","protected":false},"excerpt":{"rendered":"<p>Blog V2 28Jul\u201925 new news naw admin 0 Comments Blog V2 28May\u201921 En regardant vers l\u2019avenir du football f\u00e9minin admin 0 Comments Blog V2 28May\u201921 Le Maroc en finale de [&hellip;]<\/p>\n","protected":false},"author":1,"featured_media":0,"parent":0,"menu_order":0,"comment_status":"closed","ping_status":"closed","template":"tpl-default-elementor.php","meta":{"footnotes":""},"class_list":["post-3045","page","type-page","status-publish","hentry"],"_links":{"self":[{"href":"https:\/\/wifa.uk\/fr\/wp-json\/wp\/v2\/pages\/3045","targetHints":{"allow":["GET"]}}],"collection":[{"href":"https:\/\/wifa.uk\/fr\/wp-json\/wp\/v2\/pages"}],"about":[{"href":"https:\/\/wifa.uk\/fr\/wp-json\/wp\/v2\/types\/page"}],"author":[{"embeddable":true,"href":"https:\/\/wifa.uk\/fr\/wp-json\/wp\/v2\/users\/1"}],"replies":[{"embeddable":true,"href":"https:\/\/wifa.uk\/fr\/wp-json\/wp\/v2\/comments?post=3045"}],"version-history":[{"count":14,"href":"https:\/\/wifa.uk\/fr\/wp-json\/wp\/v2\/pages\/3045\/revisions"}],"predecessor-version":[{"id":5437,"href":"https:\/\/wifa.uk\/fr\/wp-json\/wp\/v2\/pages\/3045\/revisions\/5437"}],"wp:attachment":[{"href":"https:\/\/wifa.uk\/fr\/wp-json\/wp\/v2\/media?parent=3045"}],"curies":[{"name":"wp","href":"https:\/\/api.w.org\/{rel}","templated":true}]}}