{"id":5629,"date":"2026-02-18T06:29:15","date_gmt":"2026-02-18T06:29:15","guid":{"rendered":"https:\/\/wifa.uk\/wm\/"},"modified":"2026-02-18T10:03:13","modified_gmt":"2026-02-18T10:03:13","slug":"president-de-la-wifa","status":"publish","type":"page","link":"https:\/\/wifa.uk\/fr\/president-de-la-wifa\/","title":{"rendered":"Pr\u00e9sident de la WIFA"},"content":{"rendered":"\t\t<div data-elementor-type=\"wp-page\" data-elementor-id=\"5629\" class=\"elementor elementor-5629 elementor-5585\" data-elementor-post-type=\"page\">\n\t\t\t\t<div class=\"elementor-element elementor-element-19eef38 e-con-full e-flex e-con e-parent\" data-id=\"19eef38\" data-element_type=\"container\">\n\t\t\t\t<div class=\"elementor-element elementor-element-9ca016e elementor-widget elementor-widget-whitehall_department_details\" data-id=\"9ca016e\" data-element_type=\"widget\" data-settings=\"{&quot;_animation&quot;:&quot;none&quot;}\" data-widget_type=\"whitehall_department_details.default\">\n\t\t\t\t<div class=\"elementor-widget-container\">\n\t\t\t\t\t        \n        <!-- department-details -->\n        <section class=\"department-details bg-color-1 sec-pad-2\">\n            <div class=\"auto-container\">\n                <div class=\"row clearfix\">\n                    <div class=\"col-lg-8 col-md-12 col-sm-12 content-side\">\n                        <div class=\"department-details-content\">\n\t\t\t\t\t\t\t                            <div class=\"upper-image\">\n                                <figure class=\"image\"><img decoding=\"async\" src=\"https:\/\/wifa.uk\/wp-content\/uploads\/2025\/07\/department-1.jpg\" alt=\"Awesome Image\"><\/figure>\n                            <\/div>\n\t\t\t\t\t\t\t\t\t\t\t\t\t\t\n                            <div class=\"text\">\n                                <h3>Discours du pr\u00e9sident<\/h3>\n                                <p>Je suis heureux d'adresser mes meilleures salutations, mes f\u00e9licitations et mes encouragements \u00e0 toutes les footballeuses du monde, ainsi qu'\u00e0 toutes les \u00e9quipes d'arbitrage et d'entra\u00eenement, pour leurs efforts visant \u00e0 d\u00e9velopper la pratique du football f\u00e9minin dans le monde. Depuis sa cr\u00e9ation, la F\u00e9d\u00e9ration WIFA a \u00e9labor\u00e9 un plan strat\u00e9gique visant \u00e0 d\u00e9velopper les m\u00e9canismes de travail, d'entra\u00eenement et les tournois de football f\u00e9minin, afin de les placer en position de concurrence et de passion avec le football masculin. Mohammed Aldulaimi, pr\u00e9sident de la WIFA<\/p>\n                            <\/div>\n\t\t\t\t\t\t\t\n\t\t\t\t\t\t\t                            <div class=\"discription-box centred\">\n                                <div class=\"two-column-carousel owl-carousel owl-theme owl-nav-none\">\n                                    \t\t\t\t\t\t\t\t\t<div class=\"single-item\">\n                                        <div class=\"inner-box\">\n                                            <figure class=\"image-box\"><img decoding=\"async\" src=\"https:\/\/wifa.uk\/wp-content\/uploads\/2025\/07\/di59876.jpg\" alt=\"Awesome Image\"><\/figure>\n                                            <h5>La vision du pr\u00e9sident<\/h5>\n                                        <\/div>\n                                        <div class=\"overlay-content\">\n                                            <figure class=\"image-box\"><img decoding=\"async\" src=\"https:\/\/wifa.uk\/wp-content\/uploads\/2025\/07\/di59876.jpg\" alt=\"Awesome Image\"><\/figure>\n                                            <p>Mohammed AlDulaimi, pr\u00e9sident de la F\u00e9d\u00e9ration WIFA\n<\/p>\n                                        <\/div>\n                                    <\/div>\n                                    \t\t\t\t\t\t\t\t\t<div class=\"single-item\">\n                                        <div class=\"inner-box\">\n                                            <figure class=\"image-box\"><img decoding=\"async\" src=\"https:\/\/wifa.uk\/wp-content\/uploads\/2025\/07\/di66.jpg\" alt=\"Awesome Image\"><\/figure>\n                                            <h5>La vision du pr\u00e9sident<\/h5>\n                                        <\/div>\n                                        <div class=\"overlay-content\">\n                                            <figure class=\"image-box\"><img decoding=\"async\" src=\"https:\/\/wifa.uk\/wp-content\/uploads\/2025\/07\/di66.jpg\" alt=\"Awesome Image\"><\/figure>\n                                            <p>Mohammed AlDulaimi, pr\u00e9sident de la F\u00e9d\u00e9ration WIFA\n<\/p>\n                                        <\/div>\n                                    <\/div>\n                                    \t\t\t\t\t\t\t\t\t<div class=\"single-item\">\n                                        <div class=\"inner-box\">\n                                            <figure class=\"image-box\"><img decoding=\"async\" src=\"https:\/\/wifa.uk\/wp-content\/uploads\/2025\/07\/di43.jpg\" alt=\"Awesome Image\"><\/figure>\n                                            <h5>La vision du pr\u00e9sident<\/h5>\n                                        <\/div>\n                                        <div class=\"overlay-content\">\n                                            <figure class=\"image-box\"><img decoding=\"async\" src=\"https:\/\/wifa.uk\/wp-content\/uploads\/2025\/07\/di43.jpg\" alt=\"Awesome Image\"><\/figure>\n                                            <p>Mohammed AlDulaimi, pr\u00e9sident de la F\u00e9d\u00e9ration WIFA\n<\/p>\n                                        <\/div>\n                                    <\/div>\n                                                                    <\/div>\n                            <\/div>\n\t\t\t\t\t\t\t\t\t\t\t\t\t\t\n\t\t\t\t\t\t\t                            <div class=\"highlights-box\">\n                                <div class=\"single-item-carousel owl-carousel owl-theme owl-dots-none\">\n                                                                        <div class=\"row clearfix\">\n                                        <div class=\"col-lg-6 col-md-6 col-sm-12 image-column\">\n                                            <div class=\"image-box\">\n                                                <figure class=\"image\"><img decoding=\"async\" src=\"https:\/\/wifa.uk\/wp-content\/uploads\/2025\/07\/history-2-Copy-2.jpg\" alt=\"Awesome Image\"><\/figure>\n                                                <div class=\"icon-box\"><i class=\"icon flaticon-world\"><\/i><\/div>\n                                            <\/div>\n                                        <\/div>\n                                        <div class=\"col-lg-6 col-md-6 col-sm-12 text-column\">\n                                            <div class=\"text\">\n                                                <h3>Coupe WIFA<\/h3>\n                                                <p>Le monde se rassemble sous l\u2019\u00e9gide de la WIFA pour rendre le football f\u00e9minin plus passionnant.\n<\/p>\n\t\t\t\t\t\t\t\t\t\t\t\t\n\t\t\t\t\t\t\t\t\t\t\t\t                                                <ul class=\"list clearfix\">\n\t\t\t\t\t\t\t\t\t\t\t\t\t                                                    <li><i class=\"flaticon-bird\"><\/i>Syst\u00e8me administratif<\/li>\n\t\t\t\t\t\t\t\t\t\t\t\t\t                                                    <li><i class=\"flaticon-bird\"><\/i>Interagissez avec les avis<\/li>\n\t\t\t\t\t\t\t\t\t\t\t\t\t                                                    <li><i class=\"flaticon-bird\"><\/i>D\u00e9veloppement du travail<\/li>\n\t\t\t\t\t\t\t\t\t\t\t\t\t                                                    <li><i class=\"flaticon-bird\"><\/i>Transparence<\/li>\n\t\t\t\t\t\t\t\t\t\t\t\t\t                                                    <li><i class=\"flaticon-bird\"><\/i>L'avenir du sport<\/li>\n\t\t\t\t\t\t\t\t\t\t\t\t\t                                                <\/ul>\n\t\t\t\t\t\t\t\t\t\t\t\t\t\t\t\t\t\t\t\t\t\t\t\t\n\t\t\t\t\t\t\t\t\t\t\t\t                                                <a href=\"#\">Strat\u00e9gie<i class=\"flaticon-right-arrow\"><\/i><\/a>\n\t\t\t\t\t\t\t\t\t\t\t\t                                            <\/div>\n                                        <\/div>\n                                    <\/div>\n                                                                        <div class=\"row clearfix\">\n                                        <div class=\"col-lg-6 col-md-6 col-sm-12 image-column\">\n                                            <div class=\"image-box\">\n                                                <figure class=\"image\"><img decoding=\"async\" src=\"https:\/\/wifa.uk\/wp-content\/uploads\/2025\/07\/history-2-1-1.jpg\" alt=\"Awesome Image\"><\/figure>\n                                                <div class=\"icon-box\"><i class=\"icon flaticon-world\"><\/i><\/div>\n                                            <\/div>\n                                        <\/div>\n                                        <div class=\"col-lg-6 col-md-6 col-sm-12 text-column\">\n                                            <div class=\"text\">\n                                                <h3>Coupe WIFA<\/h3>\n                                                <p>Le monde se rassemble sous l\u2019\u00e9gide de la WIFA pour rendre le football f\u00e9minin plus passionnant.\n<\/p>\n\t\t\t\t\t\t\t\t\t\t\t\t\n\t\t\t\t\t\t\t\t\t\t\t\t                                                <ul class=\"list clearfix\">\n\t\t\t\t\t\t\t\t\t\t\t\t\t                                                    <li><i class=\"flaticon-bird\"><\/i>Syst\u00e8me administratif<\/li>\n\t\t\t\t\t\t\t\t\t\t\t\t\t                                                    <li><i class=\"flaticon-bird\"><\/i>Interagissez avec les avis<\/li>\n\t\t\t\t\t\t\t\t\t\t\t\t\t                                                    <li><i class=\"flaticon-bird\"><\/i>D\u00e9veloppement du travail<\/li>\n\t\t\t\t\t\t\t\t\t\t\t\t\t                                                    <li><i class=\"flaticon-bird\"><\/i>Transparence<\/li>\n\t\t\t\t\t\t\t\t\t\t\t\t\t                                                    <li><i class=\"flaticon-bird\"><\/i>L'avenir du sport<\/li>\n\t\t\t\t\t\t\t\t\t\t\t\t\t                                                <\/ul>\n\t\t\t\t\t\t\t\t\t\t\t\t\t\t\t\t\t\t\t\t\t\t\t\t\n\t\t\t\t\t\t\t\t\t\t\t\t                                                <a href=\"#\">Strat\u00e9gie<i class=\"flaticon-right-arrow\"><\/i><\/a>\n\t\t\t\t\t\t\t\t\t\t\t\t                                            <\/div>\n                                        <\/div>\n                                    <\/div>\n                                                                        <div class=\"row clearfix\">\n                                        <div class=\"col-lg-6 col-md-6 col-sm-12 image-column\">\n                                            <div class=\"image-box\">\n                                                <figure class=\"image\"><img decoding=\"async\" src=\"https:\/\/wifa.uk\/wp-content\/uploads\/2025\/07\/history-2-4.jpg\" alt=\"Awesome Image\"><\/figure>\n                                                <div class=\"icon-box\"><i class=\"icon flaticon-world\"><\/i><\/div>\n                                            <\/div>\n                                        <\/div>\n                                        <div class=\"col-lg-6 col-md-6 col-sm-12 text-column\">\n                                            <div class=\"text\">\n                                                <h3>Coupe WIFA<\/h3>\n                                                <p>Le monde se rassemble sous l\u2019\u00e9gide de la WIFA pour rendre le football f\u00e9minin plus passionnant.\n<\/p>\n\t\t\t\t\t\t\t\t\t\t\t\t\n\t\t\t\t\t\t\t\t\t\t\t\t                                                <ul class=\"list clearfix\">\n\t\t\t\t\t\t\t\t\t\t\t\t\t                                                    <li><i class=\"flaticon-bird\"><\/i>Syst\u00e8me administratif<\/li>\n\t\t\t\t\t\t\t\t\t\t\t\t\t                                                    <li><i class=\"flaticon-bird\"><\/i>Interagissez avec les avis<\/li>\n\t\t\t\t\t\t\t\t\t\t\t\t\t                                                    <li><i class=\"flaticon-bird\"><\/i>D\u00e9veloppement du travail<\/li>\n\t\t\t\t\t\t\t\t\t\t\t\t\t                                                    <li><i class=\"flaticon-bird\"><\/i>Transparence<\/li>\n\t\t\t\t\t\t\t\t\t\t\t\t\t                                                    <li><i class=\"flaticon-bird\"><\/i>L'avenir du sport<\/li>\n\t\t\t\t\t\t\t\t\t\t\t\t\t                                                <\/ul>\n\t\t\t\t\t\t\t\t\t\t\t\t\t\t\t\t\t\t\t\t\t\t\t\t\n\t\t\t\t\t\t\t\t\t\t\t\t                                                <a href=\"#\">Strat\u00e9gie<i class=\"flaticon-right-arrow\"><\/i><\/a>\n\t\t\t\t\t\t\t\t\t\t\t\t                                            <\/div>\n                                        <\/div>\n                                    <\/div>\n                                                                    <\/div>\n                            <\/div>\n\t\t\t\t\t\t\t\t\t\t\t\t\t\t\n\t\t\t\t\t\t\t                            <div class=\"download-box\">\n                                <h3>T\u00e9l\u00e9charger<\/h3>\n                                <ul class=\"download-list clearfix\">\n                                    \t\t\t\t\t\t\t\t\t<li>\n                                        <div class=\"icon-box\"><img decoding=\"async\" src=\"https:\/\/wifa.uk\/wp-content\/uploads\/2021\/05\/icon-1.png\" alt=\"Icon\"><\/div>\n                                        <h5>Centres sportifs et programme des \u00e9v\u00e9nements<\/h5>\n                                        <span>pdf (14 mb)<\/span>\n\t\t\t\t\t\t\t\t\t\t\n\t\t\t\t\t\t\t\t\t\t                                        <a href=\"#\">Download<\/a>\n\t\t\t\t\t\t\t\t\t\t                                    <\/li>\n                                    \t\t\t\t\t\t\t\t\t<li>\n                                        <div class=\"icon-box\"><img decoding=\"async\" src=\"https:\/\/wifa.uk\/wp-content\/uploads\/2021\/05\/icon-1.png\" alt=\"Icon\"><\/div>\n                                        <h5>Centres sportifs et programme des \u00e9v\u00e9nements<\/h5>\n                                        <span>pdf (14 mb)<\/span>\n\t\t\t\t\t\t\t\t\t\t\n\t\t\t\t\t\t\t\t\t\t                                        <a href=\"#\">Download<\/a>\n\t\t\t\t\t\t\t\t\t\t                                    <\/li>\n                                                                    <\/ul>\n                            <\/div>\n\t\t\t\t\t\t\t                        <\/div>\n                    <\/div>\n\t\t\t\t\t\n                    <div class=\"col-lg-4 col-md-12 col-sm-12 sidebar-side\">\n                        <div class=\"department-sidebar\">\n                            <div id=\"whitehall_join_us-1\" class=\"department-widget widget widget_whitehall_join_us\">\t\t\r\n\t\t<div class=\"sidebar-banner centred\" style=\"background-image: url(https:\/\/wifa.uk\/wp-content\/uploads\/2021\/06\/vector-4.png);\">\r\n\t\t\t<div class=\"inner-box\">\r\n\t\t\t\t<div class=\"icon-box\"><i class=\"flaticon-global-warming\"><\/i><\/div>\r\n\t\t\t\t<h3>For Tomorow, <br \/>We Can Take Action Today!<\/h3>\r\n\t\t\t\t\r\n\t\t\t\t\t\t\t\t<a href=\"#\">Join With Us<\/a>\r\n\t\t\t\t\t\t\t<\/div>\r\n\t\t<\/div>\r\n\r\n        <\/div><div id=\"nav_menu-3\" class=\"department-widget widget widget_nav_menu\"><div class=\"widget-title\"><h3>Departments<\/h3><div class=\"title-shape\"><\/div><\/div><div class=\"menu-services-sidebar-container\"><ul id=\"menu-services-sidebar\" class=\"menu\"><li id=\"menu-item-1074\" class=\"menu-item menu-item-type-post_type menu-item-object-page menu-item-1074\"><a href=\"https:\/\/wifa.uk\/departments\/honorary-president\/\">Pr\u00e9sident d&#8217;honneur<\/a><\/li>\n<li id=\"menu-item-1078\" class=\"menu-item menu-item-type-post_type menu-item-object-page menu-item-1078\"><a href=\"https:\/\/wifa.uk\/departments\/congress\/\">Congr\u00e8s<\/a><\/li>\n<li id=\"menu-item-1076\" class=\"menu-item menu-item-type-post_type menu-item-object-page menu-item-1076\"><a href=\"https:\/\/wifa.uk\/departments\/constitution\/\">ConstitutIon<\/a><\/li>\n<li id=\"menu-item-1077\" class=\"menu-item menu-item-type-post_type menu-item-object-page menu-item-1077\"><a href=\"https:\/\/wifa.uk\/departments\/health-medical\/\">Sant\u00e9 et m\u00e9decine<\/a><\/li>\n<li id=\"menu-item-1079\" class=\"menu-item menu-item-type-post_type menu-item-object-page menu-item-1079\"><a href=\"https:\/\/wifa.uk\/departments\/awards\/\">R\u00e9compenses<\/a><\/li>\n<\/ul><\/div><\/div><div id=\"whitehall_get_in_touch-1\" class=\"department-widget widget widget_whitehall_get_in_touch\">        \r\n\t\t<div class=\"sidebar-contact\">\r\n\t\t\t<div class=\"widget-title\">\r\n\t\t\t\t<h3>Get In Touch<\/h3>\r\n\t\t\t\t<p>Connecting with us as easy as possible.<\/p>\r\n\t\t\t\t<div class=\"title-shape\"><\/div>\r\n\t\t\t<\/div>\r\n\t\t\t\r\n\t\t\t<ul class=\"info-list clearfix\">\r\n\t\t\t\t\t\t\t\t<li>\r\n\t\t\t\t\t<div class=\"icon-box\"><i class=\"flaticon-government\"><\/i><\/div>\r\n\t\t\t\t\t<h5> The President Office<\/h5>\r\n\t\t\t\t\t<p><a href=\"tel:0088812345\">+00 (888) 12 345<\/a><\/p>\r\n\t\t\t\t<\/li>\r\n\t\t\t\t\t\t\t\t\r\n\t\t\t\t\t\t\t\t<li>\r\n\t\t\t\t\t<div class=\"icon-box\"><i class=\"flaticon-alert\"><\/i><\/div>\r\n\t\t\t\t\t<h5>Emergency<\/h5>\r\n\t\t\t\t\t<p><a href=\"tel:888\">888<\/a>(Management ...)<\/p>\r\n\t\t\t\t<\/li>\r\n\t\t\t\t\t\t\t\t\r\n\t\t\t\t\t\t\t\t<li>\r\n\t\t\t\t\t<div class=\"icon-box\"><i class=\"flaticon-map\"><\/i><\/div>\r\n\t\t\t\t\t<h5>Non Emergency<\/h5>\r\n\t\t\t\t\t<p><a href=\"tel:311\">311<\/a>(General inquiries ...)<\/p>\r\n\t\t\t\t<\/li>\r\n\t\t\t\t\t\t\t<\/ul>\r\n\t\t<\/div>\r\n\r\n        <\/div>                        <\/div>\n                    <\/div>\n                <\/div>\n            <\/div>\n        <\/section>\n        <!-- department-details end -->\n\n        \t\t\t\t<\/div>\n\t\t\t\t<\/div>\n\t\t\t\t<\/div>\n\t\t\t\t<\/div>\n\t\t","protected":false},"excerpt":{"rendered":"<p>Discours du pr\u00e9sident Je suis heureux d&#8217;adresser mes meilleures salutations, mes f\u00e9licitations et mes encouragements \u00e0 toutes les footballeuses du monde, ainsi qu&#8217;\u00e0 toutes les \u00e9quipes d&#8217;arbitrage et d&#8217;entra\u00eenement, pour [&hellip;]<\/p>\n","protected":false},"author":1,"featured_media":0,"parent":0,"menu_order":0,"comment_status":"closed","ping_status":"closed","template":"tpl-default-elementor.php","meta":{"footnotes":""},"class_list":["post-5629","page","type-page","status-publish","hentry"],"_links":{"self":[{"href":"https:\/\/wifa.uk\/fr\/wp-json\/wp\/v2\/pages\/5629","targetHints":{"allow":["GET"]}}],"collection":[{"href":"https:\/\/wifa.uk\/fr\/wp-json\/wp\/v2\/pages"}],"about":[{"href":"https:\/\/wifa.uk\/fr\/wp-json\/wp\/v2\/types\/page"}],"author":[{"embeddable":true,"href":"https:\/\/wifa.uk\/fr\/wp-json\/wp\/v2\/users\/1"}],"replies":[{"embeddable":true,"href":"https:\/\/wifa.uk\/fr\/wp-json\/wp\/v2\/comments?post=5629"}],"version-history":[{"count":79,"href":"https:\/\/wifa.uk\/fr\/wp-json\/wp\/v2\/pages\/5629\/revisions"}],"predecessor-version":[{"id":5753,"href":"https:\/\/wifa.uk\/fr\/wp-json\/wp\/v2\/pages\/5629\/revisions\/5753"}],"wp:attachment":[{"href":"https:\/\/wifa.uk\/fr\/wp-json\/wp\/v2\/media?parent=5629"}],"curies":[{"name":"wp","href":"https:\/\/api.w.org\/{rel}","templated":true}]}}